{"id":84,"date":"2025-09-29T14:20:37","date_gmt":"2025-09-29T17:20:37","guid":{"rendered":"https:\/\/mentopublicidade.com.br\/site\/?page_id=84"},"modified":"2025-09-30T14:26:31","modified_gmt":"2025-09-30T17:26:31","slug":"sobre-nos","status":"publish","type":"page","link":"https:\/\/mentopublicidade.com.br\/site\/index.php\/sobre-nos\/","title":{"rendered":"SOBRE N\u00d3S"},"content":{"rendered":"\n<div class=\"wp-block-group alignwide has-global-padding is-layout-constrained wp-container-core-group-is-layout-19e250f3 wp-block-group-is-layout-constrained\">\n<div class=\"wp-block-columns alignwide is-layout-flex wp-container-core-columns-is-layout-d1c656ed wp-block-columns-is-layout-flex\">\n<div class=\"wp-block-column is-vertically-aligned-center is-layout-flow wp-block-column-is-layout-flow\" style=\"flex-basis:40%\">\n<h3 class=\"wp-block-heading is-style-default\">MANIFESTO<\/h3>\n\n\n\n<p>A <mark style=\"background-color:rgba(0, 0, 0, 0)\" class=\"has-inline-color has-custom-64-c-27-b-color\">Mento<\/mark> nasce de uma hist\u00f3ria real, feita de afeto, prop\u00f3sito e coragem para transformar.<\/p>\n\n\n\n<p>Acreditamos em resultados que mudam trajet\u00f3rias. Pessoas primeiro, sempre: por isso, unimos empatia e performance, tecnologia e sensibilidade, estrat\u00e9gia e futuro.<\/p>\n\n\n\n<p>Somos <mark style=\"background-color:rgba(0, 0, 0, 0)\" class=\"has-inline-color has-custom-64-c-27-b-color\">mento<\/mark>ria e curadoria de solu\u00e7\u00f5es inovadoras e multimeios, conectando desafios a respostas inteligentes.<\/p>\n<\/div>\n\n\n\n<div class=\"wp-block-column is-layout-flow wp-block-column-is-layout-flow\" style=\"flex-basis:50%\">\n<figure class=\"wp-block-image size-large is-style-rounded wp-duotone-000000-00be62-2 is-style-rounded--1\"><img loading=\"lazy\" decoding=\"async\" width=\"1024\" height=\"512\" src=\"https:\/\/mentopublicidade.com.br\/site\/wp-content\/uploads\/2025\/09\/office-workspace-with-computers-grayscale-1024x512.jpg\" alt=\"\" class=\"wp-image-96\" srcset=\"https:\/\/mentopublicidade.com.br\/site\/wp-content\/uploads\/2025\/09\/office-workspace-with-computers-grayscale-1024x512.jpg 1024w, https:\/\/mentopublicidade.com.br\/site\/wp-content\/uploads\/2025\/09\/office-workspace-with-computers-grayscale-300x150.jpg 300w, https:\/\/mentopublicidade.com.br\/site\/wp-content\/uploads\/2025\/09\/office-workspace-with-computers-grayscale-768x384.jpg 768w, https:\/\/mentopublicidade.com.br\/site\/wp-content\/uploads\/2025\/09\/office-workspace-with-computers-grayscale-1536x768.jpg 1536w, https:\/\/mentopublicidade.com.br\/site\/wp-content\/uploads\/2025\/09\/office-workspace-with-computers-grayscale-2048x1024.jpg 2048w\" sizes=\"auto, (max-width: 1024px) 100vw, 1024px\" \/><\/figure>\n<\/div>\n<\/div>\n\n\n\n<div style=\"height:var(--wp--preset--spacing--40)\" aria-hidden=\"true\" class=\"wp-block-spacer\"><\/div>\n\n\n\n<div class=\"wp-block-columns alignwide is-layout-flex wp-container-core-columns-is-layout-d1c656ed wp-block-columns-is-layout-flex\">\n<div class=\"wp-block-column is-layout-flow wp-block-column-is-layout-flow\" style=\"flex-basis:50%\">\n<figure class=\"wp-block-image size-large is-style-rounded wp-duotone-rgb111-00be62-4 is-style-rounded--3\"><img loading=\"lazy\" decoding=\"async\" width=\"683\" height=\"1024\" src=\"https:\/\/mentopublicidade.com.br\/site\/wp-content\/uploads\/2025\/09\/peterson-fernandes-683x1024.jpg\" alt=\"Peterson Fernandes\" class=\"wp-image-88\" srcset=\"https:\/\/mentopublicidade.com.br\/site\/wp-content\/uploads\/2025\/09\/peterson-fernandes-683x1024.jpg 683w, https:\/\/mentopublicidade.com.br\/site\/wp-content\/uploads\/2025\/09\/peterson-fernandes-200x300.jpg 200w, https:\/\/mentopublicidade.com.br\/site\/wp-content\/uploads\/2025\/09\/peterson-fernandes-768x1152.jpg 768w, https:\/\/mentopublicidade.com.br\/site\/wp-content\/uploads\/2025\/09\/peterson-fernandes-1024x1536.jpg 1024w, https:\/\/mentopublicidade.com.br\/site\/wp-content\/uploads\/2025\/09\/peterson-fernandes.jpg 1365w\" sizes=\"auto, (max-width: 683px) 100vw, 683px\" \/><figcaption class=\"wp-element-caption\">Peterson Fernandes<\/figcaption><\/figure>\n<\/div>\n\n\n\n<div class=\"wp-block-column is-vertically-aligned-center is-layout-flow wp-block-column-is-layout-flow\" style=\"flex-basis:40%\">\n<h3 class=\"wp-block-heading is-style-default\">FUNDADOR<\/h3>\n\n\n\n<p>A <mark style=\"background-color:rgba(0, 0, 0, 0)\" class=\"has-inline-color has-custom-64-c-27-b-color\">Mento<\/mark> nasceu de uma hist\u00f3ria real, marcada por afeto, prop\u00f3sito e a vontade genu\u00edna de fazer a diferen\u00e7a.<\/p>\n\n\n\n<p>\u00c0 frente da <mark style=\"background-color:rgba(0, 0, 0, 0)\" class=\"has-inline-color has-custom-64-c-27-b-color\">Mento<\/mark> est\u00e1 <strong><mark style=\"background-color:rgba(0, 0, 0, 0)\" class=\"has-inline-color has-custom-f-9-f-9-f-9-color\">Peterson Fernandes<\/mark><\/strong>, profissional com quase 20 anos de experi\u00eancia em publicidade, desenvolvi<mark style=\"background-color:rgba(0, 0, 0, 0)\" class=\"has-inline-color has-custom-64-c-27-b-color\">mento<\/mark> comercial e lideran\u00e7a.<\/p>\n\n\n\n<p>Com trajet\u00f3ria em grandes grupos de m\u00eddia, como a <strong><mark style=\"background-color:rgba(0, 0, 0, 0)\" class=\"has-inline-color has-custom-f-9-f-9-f-9-color\">Band<\/mark><\/strong>, <strong><mark style=\"background-color:rgba(0, 0, 0, 0)\" class=\"has-inline-color has-custom-f-9-f-9-f-9-color\">AMC Networks<\/mark><\/strong> e <strong><mark style=\"background-color:rgba(0, 0, 0, 0)\" class=\"has-inline-color has-custom-f-9-f-9-f-9-color\">A+E Networks<\/mark><\/strong>, consolidou sua expertise em estrat\u00e9gias regionais de m\u00eddia, conectando marcas ao consumidor certo, no lugar certo e no momento ideal.<\/p>\n\n\n\n<p>Reconhecido pelo s\u00f3lido relaciona<mark style=\"background-color:rgba(0, 0, 0, 0)\" class=\"has-inline-color has-custom-64-c-27-b-color\">mento<\/mark> comercial e pela capacidade de gerar valor para ag\u00eancias e anunciantes, <mark style=\"background-color:rgba(0, 0, 0, 0)\" class=\"has-inline-color has-custom-f-9-f-9-f-9-color\"><strong>Peterson<\/strong><\/mark> alia vis\u00e3o estrat\u00e9gica, criatividade e uma rede consistente de conex\u00f5es para transformar ideias em neg\u00f3cios e impulsionar resultados.<\/p>\n\n\n\n<div style=\"height:77px\" aria-hidden=\"true\" class=\"wp-block-spacer\"><\/div>\n\n\n\n<div class=\"wp-block-buttons is-layout-flex wp-block-buttons-is-layout-flex\">\n<div class=\"wp-block-button is-style-outline is-style-outline--5\"><a class=\"wp-block-button__link wp-element-button\">vamos conversar?<\/a><\/div>\n<\/div>\n<\/div>\n<\/div>\n<\/div>\n","protected":false},"excerpt":{"rendered":"<p>MANIFESTO A Mento nasce de uma hist\u00f3ria real, feita de afeto, prop\u00f3sito e coragem para transformar. Acreditamos em resultados que mudam trajet\u00f3rias. Pessoas primeiro, sempre: por isso, unimos empatia e performance, tecnologia e sensibilidade, estrat\u00e9gia e futuro. Somos mentoria e curadoria de solu\u00e7\u00f5es inovadoras e multimeios, conectando desafios a respostas inteligentes. FUNDADOR A Mento nasceu [&hellip;]<\/p>\n","protected":false},"author":1,"featured_media":0,"parent":0,"menu_order":0,"comment_status":"closed","ping_status":"closed","template":"","meta":{"footnotes":""},"class_list":["post-84","page","type-page","status-publish","hentry"],"_links":{"self":[{"href":"https:\/\/mentopublicidade.com.br\/site\/index.php\/wp-json\/wp\/v2\/pages\/84","targetHints":{"allow":["GET"]}}],"collection":[{"href":"https:\/\/mentopublicidade.com.br\/site\/index.php\/wp-json\/wp\/v2\/pages"}],"about":[{"href":"https:\/\/mentopublicidade.com.br\/site\/index.php\/wp-json\/wp\/v2\/types\/page"}],"author":[{"embeddable":true,"href":"https:\/\/mentopublicidade.com.br\/site\/index.php\/wp-json\/wp\/v2\/users\/1"}],"replies":[{"embeddable":true,"href":"https:\/\/mentopublicidade.com.br\/site\/index.php\/wp-json\/wp\/v2\/comments?post=84"}],"version-history":[{"count":19,"href":"https:\/\/mentopublicidade.com.br\/site\/index.php\/wp-json\/wp\/v2\/pages\/84\/revisions"}],"predecessor-version":[{"id":240,"href":"https:\/\/mentopublicidade.com.br\/site\/index.php\/wp-json\/wp\/v2\/pages\/84\/revisions\/240"}],"wp:attachment":[{"href":"https:\/\/mentopublicidade.com.br\/site\/index.php\/wp-json\/wp\/v2\/media?parent=84"}],"curies":[{"name":"wp","href":"https:\/\/api.w.org\/{rel}","templated":true}]}}